{"id":6580,"date":"2018-05-22T21:43:22","date_gmt":"2018-05-22T21:43:22","guid":{"rendered":"http:\/\/condorskyseeker.com\/?page_id=6580"},"modified":"2019-03-21T16:26:29","modified_gmt":"2019-03-21T16:26:29","slug":"news","status":"publish","type":"page","link":"https:\/\/condorskyseeker.com\/en\/news\/","title":{"rendered":"News"},"content":{"rendered":"<section class=\"l-section wpb_row height_medium\"><div class=\"l-section-h i-cf\"><div class=\"g-cols vc_row type_default valign_top\"><div class=\"vc_col-sm-12 wpb_column vc_column_container\"><div class=\"vc_column-inner\"><div class=\"wpb_wrapper\"><div class=\"g-cols wpb_row  type_default valign_top vc_inner\"><div class=\"vc_col-sm-12 wpb_column vc_column_container\"><div class=\"vc_column-inner\"><div class=\"wpb_wrapper\"><div class=\"w-grid type_grid layout_10609 cols_3\" id=\"us_grid_1\" data-filterable=\"true\"><style id=\"us_grid_1_css\">#us_grid_1 .w-grid-item{padding:1.5rem}#us_grid_1 .w-grid-list{margin:-1.5rem -1.5rem 1.5rem}.w-grid + #us_grid_1 .w-grid-list{margin-top:1.5rem}@media (max-width:-1px){#us_grid_1 .w-grid-item{width:50.0000%}}@media (max-width:-1px){#us_grid_1 .w-grid-list{margin:0}#us_grid_1 .w-grid-item{width:100.0000%;padding:0;margin-bottom:1.5rem}}<\/style><style>.layout_10609 .w-grid-item-h{}<\/style><div class=\"w-grid-list\" >\t<article class=\"w-grid-item post-6363 post type-post status-publish format-image has-post-thumbnail hentry category-news post_format-post-format-image\" data-id=\"6363\">\r\n\t\t<div class=\"w-grid-item-h\">\r\n\t\t\t\t\t\t<div class=\"w-post-elm post_image usg_post_image_1 stretched\"><a href=\"https:\/\/condorskyseeker.com\/en\/plazo-para-matriculacion-de-equipo-y-maquinaria-minera-forestal-termina-el-30-de-junio\/\" aria-label=\"Plazo para matriculaci\u00f3n  de equipo y maquinaria  minera forestal termina  el 30 de junio\"><img width=\"600\" height=\"400\" src=\"https:\/\/condorskyseeker.com\/wp-content\/uploads\/2017\/02\/gpsmaquinaria1-600x400.jpg\" class=\"attachment-us_600_400_crop size-us_600_400_crop wp-post-image\" alt=\"\" loading=\"lazy\" \/><\/a><\/div><h2 class=\"w-post-elm post_title usg_post_title_1 entry-title color_link_inherit\"><a href=\"https:\/\/condorskyseeker.com\/en\/plazo-para-matriculacion-de-equipo-y-maquinaria-minera-forestal-termina-el-30-de-junio\/\">Plazo para matriculaci\u00f3n  de equipo y maquinaria  minera forestal termina  el 30 de junio<\/a><\/h2><div class=\"w-post-elm post_content usg_post_content_1\">Hasta el30 de junio se podr\u00e1 realizar la obtenci\u00f3n o renovaci\u00f3n de la matricula de&hellip;<\/div><a class=\"w-btn us-btn-style_2 usg_btn_1\" href=\"https:\/\/condorskyseeker.com\/en\/plazo-para-matriculacion-de-equipo-y-maquinaria-minera-forestal-termina-el-30-de-junio\/\"><span class=\"w-btn-label\">Read More<\/span><\/a>\t\t<\/div>\r\n\t<\/article>\r\n\t<article class=\"w-grid-item post-6368 post type-post status-publish format-image has-post-thumbnail hentry category-news tag-boton-de-panico-en post_format-post-format-image\" data-id=\"6368\">\r\n\t\t<div class=\"w-grid-item-h\">\r\n\t\t\t\t\t\t<div class=\"w-post-elm post_image usg_post_image_1 stretched\"><a href=\"https:\/\/condorskyseeker.com\/en\/boton-de-panico-permitio-ubicar-fibra-de-pescadores\/\" aria-label=\"Bot\u00f3n de p\u00e1nico permiti\u00f3 ubicar fibra de pescadores\"><img width=\"600\" height=\"400\" src=\"https:\/\/condorskyseeker.com\/wp-content\/uploads\/2017\/02\/pescadores-600x400.jpg\" class=\"attachment-us_600_400_crop size-us_600_400_crop wp-post-image\" alt=\"\" loading=\"lazy\" \/><\/a><\/div><h2 class=\"w-post-elm post_title usg_post_title_1 entry-title color_link_inherit\"><a href=\"https:\/\/condorskyseeker.com\/en\/boton-de-panico-permitio-ubicar-fibra-de-pescadores\/\">Bot\u00f3n de p\u00e1nico permiti\u00f3 ubicar fibra de pescadores<\/a><\/h2><div class=\"w-post-elm post_content usg_post_content_1\">Un bot\u00f3n de p\u00e1nico instalado en la fibra Juan Carlos evit\u00f3 que su tripulaci\u00f3n quedara&hellip;<\/div><a class=\"w-btn us-btn-style_2 usg_btn_1\" href=\"https:\/\/condorskyseeker.com\/en\/boton-de-panico-permitio-ubicar-fibra-de-pescadores\/\"><span class=\"w-btn-label\">Read More<\/span><\/a>\t\t<\/div>\r\n\t<\/article>\r\n\t<article class=\"w-grid-item post-6366 post type-post status-publish format-image has-post-thumbnail hentry category-news tag-antonio-ricaurte-en tag-artechnologies-en tag-dispositivo-de-rastreo-satelital-en tag-el-universo-en tag-rastreo-satelital-en post_format-post-format-image\" data-id=\"6366\">\r\n\t\t<div class=\"w-grid-item-h\">\r\n\t\t\t\t\t\t<div class=\"w-post-elm post_image usg_post_image_1 stretched\"><a href=\"https:\/\/condorskyseeker.com\/en\/ecuatoriano-crea-un-dispositivo-de-rastreo-satelital\/\" aria-label=\"Ecuatoriano crea un dispositivo de rastreo satelital\"><img width=\"600\" height=\"400\" src=\"https:\/\/condorskyseeker.com\/wp-content\/uploads\/2017\/02\/Ecuatoriano-crea-un-dispositivo-de-rastreo-satelital-600x400.jpg\" class=\"attachment-us_600_400_crop size-us_600_400_crop wp-post-image\" alt=\"\" loading=\"lazy\" \/><\/a><\/div><h2 class=\"w-post-elm post_title usg_post_title_1 entry-title color_link_inherit\"><a href=\"https:\/\/condorskyseeker.com\/en\/ecuatoriano-crea-un-dispositivo-de-rastreo-satelital\/\">Ecuatoriano crea un dispositivo de rastreo satelital<\/a><\/h2><div class=\"w-post-elm post_content usg_post_content_1\">Diario el Universo realizo entrevista a Antonio Ricaurte, CEO de Artechnologies, en la cual explico&hellip;<\/div><a class=\"w-btn us-btn-style_2 usg_btn_1\" href=\"https:\/\/condorskyseeker.com\/en\/ecuatoriano-crea-un-dispositivo-de-rastreo-satelital\/\"><span class=\"w-btn-label\">Read More<\/span><\/a>\t\t<\/div>\r\n\t<\/article>\r\n<\/div><div class=\"w-grid-preloader\"><div class=\"g-preloader type_1\">\r\n\t<div><\/div>\r\n<\/div>\r\n<\/div>\t<div class=\"w-grid-json hidden\" onclick='return {&quot;action&quot;:&quot;us_ajax_grid&quot;,&quot;ajax_url&quot;:&quot;https:\\\/\\\/condorskyseeker.com\\\/wp-admin\\\/admin-ajax.php&quot;,&quot;infinite_scroll&quot;:0,&quot;max_num_pages&quot;:1,&quot;pagination&quot;:&quot;ajax&quot;,&quot;permalink_url&quot;:&quot;https:\\\/\\\/condorskyseeker.com\\\/en\\\/wp-json\\\/wp\\\/v2\\\/pages\\\/6580\\\/&quot;,&quot;template_vars&quot;:{&quot;columns&quot;:&quot;3&quot;,&quot;exclude_items&quot;:&quot;none&quot;,&quot;img_size&quot;:&quot;us_600_400_crop&quot;,&quot;ignore_items_size&quot;:false,&quot;items_layout&quot;:&quot;10609&quot;,&quot;items_offset&quot;:&quot;1&quot;,&quot;load_animation&quot;:&quot;none&quot;,&quot;overriding_link&quot;:&quot;none&quot;,&quot;post_id&quot;:6580,&quot;query_args&quot;:{&quot;post_type&quot;:[&quot;post&quot;],&quot;tax_query&quot;:[{&quot;taxonomy&quot;:&quot;category&quot;,&quot;field&quot;:&quot;slug&quot;,&quot;terms&quot;:[&quot;news&quot;]}],&quot;post_status&quot;:[&quot;publish&quot;],&quot;posts_per_page&quot;:&quot;10&quot;},&quot;orderby_query_args&quot;:{&quot;orderby&quot;:{&quot;date&quot;:&quot;DESC&quot;}},&quot;type&quot;:&quot;grid&quot;,&quot;us_grid_ajax_index&quot;:1,&quot;us_grid_filter_params&quot;:null,&quot;us_grid_index&quot;:1,&quot;_us_grid_post_type&quot;:&quot;post&quot;,&quot;lang&quot;:&quot;en&quot;}}'><\/div>\r\n\t<\/div><\/div><\/div><\/div><\/div><\/div><\/div><\/div><\/div><\/div><\/section>\n","protected":false},"excerpt":{"rendered":"Diario el Universo realizo entrevista a Antonio Ricaurte, CEO de Artechnologies, en la cual explico las tecnolog\u00edas de geolocalizaci\u00f3n desarrolladas en Ecuador. Condor Sky Seeker es el nombre del dispositivo de rastreo satelital fabricado en Guayaquil por la empresa Artechnology. Su creador, el ingeniero electr\u00f3nico Antonio Ricaurte, explica que el aparato de rastreo satelital se...","protected":false},"author":1,"featured_media":0,"parent":0,"menu_order":0,"comment_status":"closed","ping_status":"closed","template":"","meta":[],"_links":{"self":[{"href":"https:\/\/condorskyseeker.com\/en\/wp-json\/wp\/v2\/pages\/6580"}],"collection":[{"href":"https:\/\/condorskyseeker.com\/en\/wp-json\/wp\/v2\/pages"}],"about":[{"href":"https:\/\/condorskyseeker.com\/en\/wp-json\/wp\/v2\/types\/page"}],"author":[{"embeddable":true,"href":"https:\/\/condorskyseeker.com\/en\/wp-json\/wp\/v2\/users\/1"}],"replies":[{"embeddable":true,"href":"https:\/\/condorskyseeker.com\/en\/wp-json\/wp\/v2\/comments?post=6580"}],"version-history":[{"count":6,"href":"https:\/\/condorskyseeker.com\/en\/wp-json\/wp\/v2\/pages\/6580\/revisions"}],"predecessor-version":[{"id":10764,"href":"https:\/\/condorskyseeker.com\/en\/wp-json\/wp\/v2\/pages\/6580\/revisions\/10764"}],"wp:attachment":[{"href":"https:\/\/condorskyseeker.com\/en\/wp-json\/wp\/v2\/media?parent=6580"}],"curies":[{"name":"wp","href":"https:\/\/api.w.org\/{rel}","templated":true}]}}